{"id":238532,"date":"2023-06-26T23:18:46","date_gmt":"2023-06-26T21:18:46","guid":{"rendered":"https:\/\/staging.earthfocusfoundation.org\/ouganda\/"},"modified":"2024-10-11T11:52:20","modified_gmt":"2024-10-11T09:52:20","slug":"ouganda","status":"publish","type":"page","link":"https:\/\/staging.earthfocusfoundation.org\/en\/ouganda\/","title":{"rendered":"Ouganda"},"content":{"rendered":"<p>[et_pb_section fb_built=&#8221;1&#8243; module_class=&#8221;header-overlay&#8221; _builder_version=&#8221;4.21.0&#8243; _module_preset=&#8221;default&#8221; background_image=&#8221;https:\/\/staging.earthfocusfoundation.org\/wp-content\/uploads\/2023\/06\/projet-ouganda-visuel-01.jpg&#8221; background_position=&#8221;top_center&#8221; background_vertical_offset=&#8221;46%&#8221; height=&#8221;410px&#8221; custom_padding=&#8221;0px|0px|0px|0px|false|false&#8221; hover_enabled=&#8221;0&#8243; global_colors_info=&#8221;{}&#8221; sticky_enabled=&#8221;0&#8243;][et_pb_row make_equal=&#8221;on&#8221; _builder_version=&#8221;4.27.2&#8243; _module_preset=&#8221;default&#8221; module_alignment=&#8221;center&#8221; height=&#8221;100%&#8221; max_height=&#8221;100%&#8221; custom_padding=&#8221;5em|0px|0px|0px|false|false&#8221; hover_enabled=&#8221;0&#8243; global_colors_info=&#8221;{}&#8221; custom_margin_last_edited=&#8221;off|phone&#8221; custom_margin_phone=&#8221;||||false|false&#8221; sticky_enabled=&#8221;0&#8243;][et_pb_column type=&#8221;4_4&#8243; _builder_version=&#8221;4.18.0&#8243; _module_preset=&#8221;default&#8221; custom_css_main_element=&#8221;margin: auto;&#8221; global_colors_info=&#8221;{}&#8221;][dipl_double_color_heading heading_pre_part=&#8221;Ouganda&#8221; heading_main_part=&#8221;Plateforme communautaire sant\u00e9 et environnement&#8221; display_in_stack=&#8221;on&#8221; module_class=&#8221;projet-header-txt&#8221; _builder_version=&#8221;4.22.0&#8243; _module_preset=&#8221;default&#8221; pre_header_font=&#8221;|600|||||||&#8221; pre_header_text_color=&#8221;#FFFFFF&#8221; pre_header_font_size=&#8221;38px&#8221; main_header_font=&#8221;|300|||||||&#8221; main_header_text_color=&#8221;#FFFFFF&#8221; main_header_font_size=&#8221;19px&#8221; main_header_line_height=&#8221;22px&#8221; post_header_font=&#8221;|300|||||||&#8221; post_header_text_color=&#8221;#FFFFFF&#8221; post_header_font_size=&#8221;23px&#8221; background_color=&#8221;#bd9f3d&#8221; max_width=&#8221;490px&#8221; module_alignment=&#8221;right&#8221; custom_margin=&#8221;0px||0px||false|false&#8221; custom_padding=&#8221;1.5em|2em||2em|false|true&#8221; global_colors_info=&#8221;{%22gcid-09a755e2-042e-4638-a133-efaff303ce53%22:%91%22background_color%22%93}&#8221;][\/dipl_double_color_heading][et_pb_text module_class=&#8221;projet-contact&#8221; _builder_version=&#8221;4.27.2&#8243; _module_preset=&#8221;default&#8221; text_text_color=&#8221;#FFFFFF&#8221; text_font_size=&#8221;15px&#8221; background_color=&#8221;gcid-09a755e2-042e-4638-a133-efaff303ce53&#8243; width=&#8221;490px&#8221; width_tablet=&#8221;490px&#8221; width_phone=&#8221;100%&#8221; width_last_edited=&#8221;on|tablet&#8221; module_alignment=&#8221;right&#8221; custom_margin=&#8221;0px||||false|false&#8221; custom_padding=&#8221;1em|2em|1.5em|2em|false|true&#8221; hover_enabled=&#8221;0&#8243; global_colors_info=&#8221;{%22gcid-09a755e2-042e-4638-a133-efaff303ce53%22:%91%22background_color%22%93}&#8221; sticky_enabled=&#8221;0&#8243;]<\/p>\n<p><a href=\"mailto:adrien@earthfocus.org\">adrien@earthfocus.org<\/a><\/p>\n<p>[\/et_pb_text][\/et_pb_column][\/et_pb_row][\/et_pb_section][et_pb_section fb_built=&#8221;1&#8243; _builder_version=&#8221;4.27.2&#8243; _module_preset=&#8221;default&#8221; custom_padding=&#8221;5em||5em||false|false&#8221; hover_enabled=&#8221;0&#8243; global_colors_info=&#8221;{}&#8221; sticky_enabled=&#8221;0&#8243; disabled_on=&#8221;off|off|off&#8221; custom_padding_last_edited=&#8221;on|phone&#8221; custom_padding_tablet=&#8221;0em||0em||false|false&#8221; custom_padding_phone=&#8221;0em||0em||false|false&#8221;][et_pb_row column_structure=&#8221;1_2,1_2&#8243; use_custom_gutter=&#8221;on&#8221; gutter_width=&#8221;1&#8243; make_equal=&#8221;on&#8221; _builder_version=&#8221;4.27.2&#8243; _module_preset=&#8221;default&#8221; width=&#8221;100%&#8221; max_width=&#8221;100%&#8221; custom_padding=&#8221;0px||0px||false|false&#8221; hover_enabled=&#8221;0&#8243; global_colors_info=&#8221;{}&#8221; custom_margin=&#8221;0px||||false|false&#8221; sticky_enabled=&#8221;0&#8243; disabled_on=&#8221;on|on|off&#8221;][et_pb_column type=&#8221;1_2&#8243; _builder_version=&#8221;4.21.0&#8243; _module_preset=&#8221;default&#8221; background_image=&#8221;https:\/\/staging.earthfocusfoundation.org\/wp-content\/uploads\/2023\/06\/projet-ouganda-visuel-02.jpg&#8221; global_colors_info=&#8221;{}&#8221;][\/et_pb_column][et_pb_column type=&#8221;1_2&#8243; _builder_version=&#8221;4.21.0&#8243; _module_preset=&#8221;default&#8221; custom_padding=&#8221;|6em||3em|false|false&#8221; global_colors_info=&#8221;{}&#8221;][et_pb_text module_class=&#8221;content-txt&#8221; _builder_version=&#8221;4.27.2&#8243; _module_preset=&#8221;default&#8221; text_font=&#8221;|300|||||||&#8221; header_3_font=&#8221;|600|||||||&#8221; custom_margin=&#8221;||||false|false&#8221; custom_padding=&#8221;0px||||false|false&#8221; hover_enabled=&#8221;0&#8243; global_colors_info=&#8221;{}&#8221; sticky_enabled=&#8221;0&#8243;]<\/p>\n<h3>Pr\u00e9server les plantes m\u00e9dicinaleset les savoirs traditionnels en Ouganda<\/h3>\n<p>&nbsp;<\/p>\n<p>L\u2019Ouganda fait face \u00e0 un d\u00e9fi environnemental majeur d\u00fb \u00e0 une d\u00e9forestation caus\u00e9e par une surexploitation agricole largement vivri\u00e8re, et ce, malgr\u00e9 des conditions climatiques propices \u00e0 une agriculture diversifi\u00e9e plus p\u00e9renne.<\/p>\n<p>La Earth Focus Foundation soutient un ambitieux projet d\u2019action et de sensibilisation communautaire consacr\u00e9 aux plantes m\u00e9dicinales, \u00e0 la sant\u00e9 et \u00e0 l\u2019environnement, en partenariat avec la coalition ougandaise <a href=\"https:\/\/rightsindevelopment.org\/member\/friends-with-environment-in-development-fed\/\" target=\"_blank\" rel=\"noopener\">Friends for the Environment in Development<\/a>.<\/p>\n<p>La r\u00e9gion identifi\u00e9e pour le projet se situe entre 1300 et 1600m d\u2019altitude. Avec 1700 mm de pr\u00e9cipitations annuelles, cette r\u00e9gion peupl\u00e9e de multiples petits agriculteurs illustre bien la probl\u00e9matique environnementale nationale. Ces populations, descendantes du Royaume Tooro dont l\u2019\u00e9conomie mixte de subsistance reposait sur une \u00e9troite relation avec le monde forestier, se souviennent encore de leur profond attachement \u00e0 la nature, notamment au travers de traditions des soins avec des plantes m\u00e9dicinales encore utilis\u00e9es par les grands-m\u00e8res.<\/p>\n<p>Le projet a pour objectif premier la pr\u00e9servation des esp\u00e8ces v\u00e9g\u00e9tales et des savoirs traditionnels li\u00e9s aux vertus de ces plantes locales, un savoir ancestral qui risque de se perdre dans un pays o\u00f9 l\u2019acc\u00e8s aux m\u00e9decins est tr\u00e8s limit\u00e9. Pour ce faire, le projet d\u00e9veloppera un lieu d\u2019\u00e9change interg\u00e9n\u00e9rationnel ainsi qu\u2019une p\u00e9pini\u00e8re et des plantations. Des experts, appuy\u00e9s par les <span>leaders\u00b7euses<\/span> communautaires, feront en parall\u00e8le la promotion de la sant\u00e9 publique et de techniques \u00e9cologiques innovantes. Ils appuieront la transmission des savoirs traditionnels aux nouvelles g\u00e9n\u00e9rations, encore aujourd\u2019hui tr\u00e8s respectueuses de leurs a\u00een\u00e9s. Les plantes connues et leurs usages feront l\u2019objet d\u2019une publication en langue locale Batooro et en anglais.<\/p>\n<p>[\/et_pb_text][\/et_pb_column][\/et_pb_row][et_pb_row use_custom_gutter=&#8221;on&#8221; gutter_width=&#8221;1&#8243; make_equal=&#8221;on&#8221; _builder_version=&#8221;4.27.2&#8243; _module_preset=&#8221;default&#8221; width=&#8221;100%&#8221; max_width=&#8221;100%&#8221; custom_padding=&#8221;0px||0px||false|false&#8221; hover_enabled=&#8221;0&#8243; global_colors_info=&#8221;{}&#8221; custom_margin=&#8221;0px||||false|false&#8221; sticky_enabled=&#8221;0&#8243; disabled_on=&#8221;off|off|on&#8221;][et_pb_column type=&#8221;4_4&#8243; _builder_version=&#8221;4.27.2&#8243; _module_preset=&#8221;default&#8221; hover_enabled=&#8221;0&#8243; global_colors_info=&#8221;{}&#8221; background_enable_image=&#8221;off&#8221; custom_padding=&#8221;3em|2em|3em|2em|false|false&#8221; disabled_on=&#8221;off|off|off&#8221; sticky_enabled=&#8221;0&#8243;][et_pb_text module_class=&#8221;content-txt&#8221; _builder_version=&#8221;4.27.2&#8243; _module_preset=&#8221;default&#8221; text_font=&#8221;|300|||||||&#8221; header_3_font=&#8221;|600|||||||&#8221; custom_margin=&#8221;||||false|false&#8221; custom_padding=&#8221;0px||||false|false&#8221; hover_enabled=&#8221;0&#8243; global_colors_info=&#8221;{}&#8221; sticky_enabled=&#8221;0&#8243; disabled_on=&#8221;off|off|on&#8221;]<\/p>\n<h3>Pr\u00e9server les plantes m\u00e9dicinales et les savoirs traditionnels en Ouganda<\/h3>\n<p>&nbsp;<\/p>\n<p>L\u2019Ouganda fait face \u00e0 un d\u00e9fi environnemental majeur d\u00fb \u00e0 une d\u00e9forestation caus\u00e9e par une surexploitation agricole largement vivri\u00e8re, et ce, malgr\u00e9 des conditions climatiques propices \u00e0 une agriculture diversifi\u00e9e plus p\u00e9renne.<\/p>\n<p>La Earth Focus Foundation soutient un ambitieux projet d\u2019action et de sensibilisation communautaire consacr\u00e9 aux plantes m\u00e9dicinales, \u00e0 la sant\u00e9 et \u00e0 l\u2019environnement, en partenariat avec la coalition ougandaise <a href=\"https:\/\/rightsindevelopment.org\/member\/friends-with-environment-in-development-fed\/\" target=\"_blank\" rel=\"noopener\">Friends for the Environment in Development<\/a>.<\/p>\n<p>La r\u00e9gion identifi\u00e9e pour le projet se situe entre 1300 et 1600m d\u2019altitude. Avec 1700 mm de pr\u00e9cipitations annuelles, cette r\u00e9gion peupl\u00e9e de multiples petits agriculteurs illustre bien la probl\u00e9matique environnementale nationale. Ces populations, descendantes du Royaume Tooro dont l\u2019\u00e9conomie mixte de subsistance reposait sur une \u00e9troite relation avec le monde forestier, se souviennent encore de leur profond attachement \u00e0 la nature, notamment au travers de traditions des soins avec des plantes m\u00e9dicinales encore utilis\u00e9es par les grands-m\u00e8res.<\/p>\n<p>Le projet a pour objectif premier la pr\u00e9servation des esp\u00e8ces v\u00e9g\u00e9tales et des savoirs traditionnels li\u00e9s aux vertus de ces plantes locales, un savoir ancestral qui risque de se perdre dans un pays o\u00f9 l\u2019acc\u00e8s aux m\u00e9decins est tr\u00e8s limit\u00e9. Pour ce faire, le projet d\u00e9veloppera un lieu d\u2019\u00e9change interg\u00e9n\u00e9rationnel ainsi qu\u2019une p\u00e9pini\u00e8re et des plantations. Des experts, appuy\u00e9s par les <span>leaders\u00b7euses<\/span> communautaires, feront en parall\u00e8le la promotion de la sant\u00e9 publique et de techniques \u00e9cologiques innovantes. Ils appuieront la transmission des savoirs traditionnels aux nouvelles g\u00e9n\u00e9rations, encore aujourd\u2019hui tr\u00e8s respectueuses de leurs a\u00een\u00e9s. Les plantes connues et leurs usages feront l\u2019objet d\u2019une publication en langue locale Batooro et en anglais.<\/p>\n<p>[\/et_pb_text][\/et_pb_column][\/et_pb_row][\/et_pb_section][et_pb_section fb_built=&#8221;1&#8243; _builder_version=&#8221;4.21.0&#8243; _module_preset=&#8221;default&#8221; background_image=&#8221;https:\/\/staging.earthfocusfoundation.org\/wp-content\/uploads\/2023\/06\/projet-ouganda-visuel-03.jpg&#8221; custom_margin=&#8221;||||false|false&#8221; custom_padding=&#8221;4em||5em||false|false&#8221; locked=&#8221;off&#8221; global_colors_info=&#8221;{}&#8221;][et_pb_row column_structure=&#8221;3_5,2_5&#8243; _builder_version=&#8221;4.27.2&#8243; _module_preset=&#8221;default&#8221; custom_margin=&#8221;0px||0px||false|false&#8221; custom_padding=&#8221;0px||0px||false|false&#8221; hover_enabled=&#8221;0&#8243; global_colors_info=&#8221;{}&#8221; sticky_enabled=&#8221;0&#8243; width=&#8221;90%&#8221;][et_pb_column type=&#8221;3_5&#8243; _builder_version=&#8221;4.27.2&#8243; _module_preset=&#8221;default&#8221; background_color=&#8221;#FFFFFF&#8221; custom_padding=&#8221;3em|3em|2em|3em|false|true&#8221; hover_enabled=&#8221;0&#8243; global_colors_info=&#8221;{}&#8221; custom_padding_last_edited=&#8221;on|phone&#8221; custom_padding_phone=&#8221;2em|1.5em|2em|1.5em|true|true&#8221; sticky_enabled=&#8221;0&#8243; custom_padding_tablet=&#8221;3em|3em|2em|3em|false|true&#8221;][dipl_double_color_heading heading_pre_part=&#8221;Renforcement&#8221; heading_main_part=&#8221;de l\u2019\u00e9cosyst\u00e8me&#8221; display_in_stack=&#8221;on&#8221; module_class=&#8221;project-bloc-title&#8221; _builder_version=&#8221;4.27.2&#8243; _module_preset=&#8221;default&#8221; pre_header_font=&#8221;|700||on|||||&#8221; pre_header_text_color=&#8221;#000000&#8243; pre_header_font_size=&#8221;30px&#8221; main_header_font=&#8221;|300||on|||||&#8221; main_header_text_color=&#8221;#000000&#8243; main_header_font_size=&#8221;28px&#8221; hover_enabled=&#8221;0&#8243; pre_header_font_size_tablet=&#8221;30px&#8221; pre_header_font_size_phone=&#8221;23px&#8221; pre_header_font_size_last_edited=&#8221;on|phone&#8221; main_header_font_size_tablet=&#8221;28px&#8221; main_header_font_size_phone=&#8221;23px&#8221; main_header_font_size_last_edited=&#8221;on|phone&#8221; global_colors_info=&#8221;{}&#8221; sticky_enabled=&#8221;0&#8243;][\/dipl_double_color_heading][dipl_separator seprator_thickness=&#8221;2px&#8221; separator_color=&#8221;gcid-09a755e2-042e-4638-a133-efaff303ce53&#8243; _builder_version=&#8221;4.27.2&#8243; _module_preset=&#8221;default&#8221; width=&#8221;53px&#8221; module_alignment=&#8221;left&#8221; custom_margin=&#8221;||||false|false&#8221; custom_padding=&#8221;0px||1.5em||false|false&#8221; hover_enabled=&#8221;0&#8243; locked=&#8221;off&#8221; global_colors_info=&#8221;{%22gcid-09a755e2-042e-4638-a133-efaff303ce53%22:%91%22separator_color%22%93}&#8221; custom_padding_last_edited=&#8221;on|phone&#8221; custom_padding_phone=&#8221;0px||0em||false|false&#8221; sticky_enabled=&#8221;0&#8243; custom_padding_tablet=&#8221;0px||1.5em||false|false&#8221;][\/dipl_separator][et_pb_text _builder_version=&#8221;4.27.2&#8243; _module_preset=&#8221;default&#8221; text_font=&#8221;|300|||||||&#8221; text_text_color=&#8221;#000000&#8243; custom_padding=&#8221;||1em||false|false&#8221; hover_enabled=&#8221;0&#8243; text_font_size_tablet=&#8221;&#8221; text_font_size_phone=&#8221;16px&#8221; text_font_size_last_edited=&#8221;on|phone&#8221; text_line_height_tablet=&#8221;&#8221; text_line_height_phone=&#8221;1.6em&#8221; text_line_height_last_edited=&#8221;on|phone&#8221; global_colors_info=&#8221;{}&#8221; sticky_enabled=&#8221;0&#8243;]<\/p>\n<p>Si la cr\u00e9ation du parc national de Kibale en 1993 a apport\u00e9 une solution de pr\u00e9servation pour la faune et la flore de la r\u00e9gion, les populations locales rel\u00e9gu\u00e9es \u00e0 l\u2019ext\u00e9rieur se retrouvent prises entre n\u00e9cessit\u00e9 de subsistance et fragilit\u00e9 d\u2019un \u00e9cosyst\u00e8me dont la densit\u00e9 \u00e0 parfois tripl\u00e9 en quarante ans. Les plantes, souvent cueillies dans les zones sauvages aujourd\u2019hui prot\u00e9g\u00e9es, n\u00e9cessitent pour \u00eatre r\u00e9colt\u00e9es l\u00e9galement d\u2019\u00eatre favoris\u00e9es en zones exploit\u00e9es par les petits agriculteurs et de faire l\u2019objet de demandes appropri\u00e9es aupr\u00e8s de l\u2019Uganda Wildlife Authority.<\/p>\n<p>Le projet renforcera la prise de conscience de l\u2019utilit\u00e9 et de la fragilit\u00e9 de la nature chez les jeunes tout en les ouvrant sur de nouvelles opportunit\u00e9s professionnelles dans le domaine scientifique, technique et touristique : transmission des maladies et pr\u00e9vention, connaissance et culture de plantes m\u00e9dicinales, exp\u00e9rimentation de techniques d\u2019agro-\u00e9cologie et d\u2019agro-foresterie.<\/p>\n<p>La sauvegarde des connaissances renforcera \u00e9galement le statut de la femme qui veille sur la sant\u00e9 de ses propres enfants et de nombreux orphelins recueillis dans les familles. En pr\u00e9servant ce r\u00f4le reliant m\u00e9decine naturelle et sant\u00e9, ces femmes seront \u00e9galement confort\u00e9es comme actrices de la pr\u00e9servation d\u2019un environnement dont elles sont d\u00e9j\u00e0 les principales usag\u00e8res et gestionnaires au quotidien.<\/p>\n<p>[\/et_pb_text][\/et_pb_column][et_pb_column type=&#8221;2_5&#8243; _builder_version=&#8221;4.27.2&#8243; _module_preset=&#8221;default&#8221; hover_enabled=&#8221;0&#8243; global_colors_info=&#8221;{}&#8221; sticky_enabled=&#8221;0&#8243;][\/et_pb_column][\/et_pb_row][\/et_pb_section]<\/p>\n","protected":false},"excerpt":{"rendered":"<p><div class=\"et_pb_module dipl_double_color_heading dipl_double_color_heading_0 projet-header-txt \">\n\t\t\t\t\n\t\t\t\t\n\t\t\t\t\n\t\t\t\t\n\t\t\t\t\n\t\t\t\t\n\t\t\t\t<div class=\"et_pb_module_inner\">\n\t\t\t\t\t<div class=\"dipl_text_wrapper\"><h2><span class=\"dipl_text_stack dipl_pre_text_stack\"><span class=\"dipl_pre_text\">Ouganda<\/span><\/span><span class=\"dipl_text_stack dipl_main_text_stack\"><span class=\"dipl_main_text\">Plateforme communautaire sant\u00e9 et environnement<\/span><\/span><\/h2><\/div>\n\t\t\t\t<\/div>\n\t\t\t<\/div>adrien@earthfocus.orgPr\u00e9server les plantes m\u00e9dicinaleset les savoirs traditionnels en Ouganda &nbsp; L\u2019Ouganda fait face \u00e0 un d\u00e9fi environnemental majeur d\u00fb \u00e0 une d\u00e9forestation caus\u00e9e par une surexploitation agricole largement vivri\u00e8re, [&hellip;]<\/p>\n","protected":false},"author":1,"featured_media":0,"parent":0,"menu_order":0,"comment_status":"closed","ping_status":"closed","template":"","meta":{"_et_pb_use_builder":"on","_et_pb_old_content":"","_et_gb_content_width":"","footnotes":""},"class_list":["post-238532","page","type-page","status-publish","hentry"],"_links":{"self":[{"href":"https:\/\/staging.earthfocusfoundation.org\/en\/wp-json\/wp\/v2\/pages\/238532","targetHints":{"allow":["GET"]}}],"collection":[{"href":"https:\/\/staging.earthfocusfoundation.org\/en\/wp-json\/wp\/v2\/pages"}],"about":[{"href":"https:\/\/staging.earthfocusfoundation.org\/en\/wp-json\/wp\/v2\/types\/page"}],"author":[{"embeddable":true,"href":"https:\/\/staging.earthfocusfoundation.org\/en\/wp-json\/wp\/v2\/users\/1"}],"replies":[{"embeddable":true,"href":"https:\/\/staging.earthfocusfoundation.org\/en\/wp-json\/wp\/v2\/comments?post=238532"}],"version-history":[{"count":15,"href":"https:\/\/staging.earthfocusfoundation.org\/en\/wp-json\/wp\/v2\/pages\/238532\/revisions"}],"predecessor-version":[{"id":239075,"href":"https:\/\/staging.earthfocusfoundation.org\/en\/wp-json\/wp\/v2\/pages\/238532\/revisions\/239075"}],"wp:attachment":[{"href":"https:\/\/staging.earthfocusfoundation.org\/en\/wp-json\/wp\/v2\/media?parent=238532"}],"curies":[{"name":"wp","href":"https:\/\/api.w.org\/{rel}","templated":true}]}}